{"id":801,"date":"2023-01-28T15:12:09","date_gmt":"2023-01-28T13:12:09","guid":{"rendered":"http:\/\/renergievs.de\/?page_id=801"},"modified":"2026-03-08T23:51:15","modified_gmt":"2026-03-08T21:51:15","slug":"aktuelle-infos","status":"publish","type":"page","link":"http:\/\/renergievs.de\/","title":{"rendered":"Aktuelle Infos"},"content":{"rendered":"\n<p class=\"has-medium-font-size\"><a href=\"https:\/\/zeitung.schwarzwaelder-bote.de\/data\/128560\/reader\/reader.html?social#!preferred\/0\/package\/128560\/pub\/174549\/page\/29\/content\/5764296\"><strong>Bericht \u00fcber unsere neue PV-Anlage in M\u00f6nchweiler im Schwarzw\u00e4lder Boten (klick)<\/strong><\/a><\/p>\n\n\n\n<h2 class=\"wp-block-heading has-black-color has-text-color has-link-color wp-elements-c90644244a7cf9b02e38a0434db5c1a4\"><strong><a href=\"http:\/\/renergievs.de\/wp-content\/uploads\/2026\/02\/Einladung-MV-2025.pdf\">Einladung zur Mitgliederversammlung am 24.02.2026 18Uhr im B\u00fcrgerzentrum in M\u00f6chweiler<\/a><\/strong><\/h2>\n\n\n\n<p><\/p>\n\n\n\n<p><strong>Besichtigung Belenus GmbH Bad D\u00fcrrheim am 23. Januar 2026:<\/strong><\/p>\n\n\n\n<p><br>Um 13 Uhr Treffpunkt ist bei der Belenuns GmbH, Auf Stocken 7, 78073 Bad D\u00fcrrheim (Gewerbegebiet Bad D\u00fcrrheim)<\/p>\n\n\n\n<p><strong><a href=\"http:\/\/renergievs.de\/wp-content\/uploads\/2026\/01\/belenus.pdf\" data-type=\"page\" data-id=\"121\">Details hier !<\/a><\/strong><\/p>\n\n\n\n<h2 class=\"wp-block-heading has-black-color has-text-color has-link-color wp-elements-c7c71e44913ac4d3ebb404a7997feb27\"><strong>Besichtigung Biogasanlage Deisslingen  am 10.Oktober 2025:<\/strong><\/h2>\n\n\n\n<p><br>Um 16 Uhr Treffpunkt am Eingang zum Betriebsgel\u00e4nde. <a href=\"http:\/\/renergievs.de\/wp-content\/uploads\/2025\/10\/Einladung_Besichtigung_Bioenergie.pdf\"><strong>Details hier !<\/strong><\/a><\/p>\n\n\n\n<p class=\"has-medium-font-size\"><strong>Mitgliederversammlung am 11.M\u00e4rz 2025:<\/strong><\/p>\n\n\n\n<p>Dienstag 11.M\u00e4rz 2025 um 18 Uhr im B\u00fcrgerzentrum M\u00f6nchweiler. <strong><a href=\"http:\/\/renergievs.de\/wp-content\/uploads\/2025\/02\/Einladung-MV-2024.pdf\">Details hier !<\/a><\/strong><\/p>\n\n\n\n<p><\/p>\n\n\n\n<p class=\"has-medium-font-size\"><strong>Solarparty:<\/strong><\/p>\n\n\n\n<p class=\"has-medium-font-size\">Liebe Mitglieder,<\/p>\n\n\n\n<p class=\"has-medium-font-size\">nach der guten Nachfrage im vergangenen Jahr veranstaltet der Verein renergie vs wieder eine Solar-Party als Informationsveranstaltung f\u00fcr k\u00fcnftige Betreiber von PV-Anlagen auf dem Hausdach oder am Balkon.<\/p>\n\n\n\n<p class=\"has-medium-font-size\">Die &#8222;Party&#8220; findet statt <strong>am Mittwoch, 24.04.2024 um 18:00 Uhr, Sebastian-Kneipp-Stra\u00dfe 60, 78048 Villingen-Schwenningen, Erdgeschoss, Raum &#8222;Neckar&#8220;<\/strong> (ehemalige Handwerkskammer). Einlass ab 17:45 Uhr.<br><\/p>\n\n\n\n<p class=\"has-medium-font-size\">Eingeladen sind alle Mitglieder und Interessierte, die Informationen f\u00fcr eine geplante oder auch nur angedachte PV-Anlage mit Speicher ben\u00f6tigen.<\/p>\n\n\n\n<p class=\"has-medium-font-size\">Unser Vorstandsmitglied Michael L\u00f6sle ist Solarbotschafter der Nachbarschaftskampagne &#8222;packsdrauf&#8220;. Er wird zu Beginn eine Pr\u00e4sentation zu allgemeinen Informationen \u00fcber PV-Dachanlagen halten. Es soll aber insgesamt viel diskutiert und Erfahrungen ausgetauscht werden zu PV-Anlagen mit Speicher, Erfahrungen zu der Kombination von W\u00e4rmepumpe mit PV-Anlage, Balkonanlagen und zu weiteren Fragen zu PV-Anlagen.<\/p>\n\n\n\n<p class=\"has-medium-font-size\">Geben Sie bitte die Einladung an Interessierte weiter. Um die Teilnehmerzahl absch\u00e4tzen zu k\u00f6nnen bitte ich um R\u00fcckmeldung per Email.<\/p>\n\n\n\n<p><\/p>\n\n\n\n<hr class=\"wp-block-separator has-alpha-channel-opacity\"\/>\n\n\n\n<p class=\"has-medium-font-size\"><strong>F\u00f6rderungen:<\/strong><\/p>\n\n\n\n<p><\/p>\n\n\n\n<p class=\"has-medium-font-size\">Auf der Mitgliederversammlung am 23.02.2023 wurde vom Vorstand das Projekt &#8222;neue PV-Anlage&#8220; vorgestellt, dem auch die anwesenden Mitglieder zustimmten. Aus den Ertr\u00e4gen der PV-Anlage auf der B\u00fcrkturnhalle, die bisher zur F\u00f6rderung von PV-Anlagen mit Speicher verwendet wurden, soll eine neue PV-Anlage finanziert werden. Somit ist eine F\u00f6rderung von PV-Anlagen mit Speicher z. Zt. nicht m\u00f6glich.<\/p>\n\n\n\n<p class=\"has-medium-font-size\">Falls die Suche nach einer Dachfl\u00e4che nicht gelingen sollte, k\u00f6nnen zum Jahresende wieder F\u00f6rderantr\u00e4ge f\u00fcr die Errichtung einer privaten PV-Anlage mit Speicher von Mitgliedern gestellt werden.&nbsp;Wir werden rechtzeitig auf unserer Internetseite \u00fcber eine m\u00f6gliche F\u00f6rderung informieren. Die Entscheidungen werden dann vom Vorstand entsprechend der Eingangsreihenfolge getroffen.<\/p>\n\n\n\n<hr class=\"wp-block-separator has-alpha-channel-opacity\"\/>\n\n\n\n<p class=\"has-medium-font-size\"><strong>Achtung: Dachfl\u00e4che gesucht ! <\/strong><\/p>\n\n\n\n<p class=\"has-medium-font-size\"><strong>Die renergieVS  sucht baldm\u00f6glichst eine freie Dachfl\u00e4che zur Installation von ca. 40kWp Photovoltaik in<\/strong> <strong>der Gegend um VS. M\u00f6glichst nach S\u00fcden ausgerichtet.<\/strong> <strong> Angebote bitte an : info@renergievs.de<\/strong><\/p>\n\n\n\n<hr class=\"wp-block-separator has-alpha-channel-opacity\"\/>\n\n\n\n<p class=\"has-medium-font-size\"><a href=\"http:\/\/renergievs.de\/wp-content\/uploads\/2024\/02\/Einladung-MV-2023.pdf\"><strong>Einladung zur Mitgliederversammlung am 23.02.2024   18Uhr in M\u00f6chweiler<\/strong><\/a><\/p>\n\n\n\n<hr class=\"wp-block-separator has-alpha-channel-opacity\"\/>\n\n\n\n<p class=\"has-medium-font-size\">F\u00f6rderungen f\u00fcr PV mit Speicher im Jahr 2024 bis auf weiteres leider nicht mehr m\u00f6glich.   <\/p>\n\n\n\n<hr class=\"wp-block-separator has-css-opacity\"\/>\n\n\n\n<h2 class=\"wp-block-heading\">Neu im Juli 2023: Ertragsdaten unserer PV-Anlage auf der B\u00fcrk-Turnhalle in VS-Schwenningen<\/h2>\n\n\n\n<p>Link: <\/p>\n\n\n\n<p><a href=\"https:\/\/home18.solarlog-web.de\/1.html\" target=\"_blank\" rel=\"noreferrer noopener\">https:\/\/home18.solarlog-web.de\/1.html<\/a><\/p>\n\n\n\n<p>Login:  gast@renergievs.de<\/p>\n\n\n\n<p>Passwort: gastlogin<\/p>\n\n\n\n<hr class=\"wp-block-separator has-css-opacity\"\/>\n\n\n\n<h2 class=\"wp-block-heading\">Unsere F\u00f6rdermittel f\u00fcr 2023 weitgehend ausgesch\u00f6pft<\/h2>\n\n\n\n<p>Die Ertr\u00e4ge aus der Stromproduktion unserer PV-Anlage auf der B\u00fcrkturnhalle sind begrenzt. Der Ausbau von PV-Anlagen mit Speicher und damit das Interesse an einer F\u00f6rderung durch renergie vs ist riesig. Somit sind die m\u00f6glichen Mittel f\u00fcr 2023 bereits weitgehend ausgesch\u00f6pft. Wir k\u00f6nnen bis zum Jahresende 2023 keine weitere F\u00f6rderungen zusagen. Wir sind aber zuversichtlich, dass trotzdem weitere PV-Anlagen auf den Hausd\u00e4chern im Schwarzwald-Baar-Kreis gebaut werden.<\/p>\n\n\n\n<hr class=\"wp-block-separator has-css-opacity\"\/>\n\n\n\n<h2 class=\"wp-block-heading\"><a href=\"http:\/\/renergievs.de\/wp-content\/uploads\/2023\/05\/Besichtigung-Linachtalsperre-mit-Kraftwerksfuehrung.pdf\">Bericht zur Besichtigung der Linachtalsperre am 21.04.2023<\/a><\/h2>\n\n\n\n<hr class=\"wp-block-separator has-css-opacity\"\/>\n\n\n\n<h2 class=\"wp-block-heading\">Solarparty am 31.03.2023<\/h2>\n\n\n\n<p>Auf gro\u00dfes Interesse stie\u00df die Solarparty am 31.03.2023. Unser Vorstandsmitglied Michael L\u00f6sle erkl\u00e4rte als Solarbotschafter der Nachbarschaftskampagne &#8222;packsdrauf&#8220; die Technik einer PV-Anlage und eines Solarspeichers. Viele Fragen der anwesenden ca. 15 Interessierten konnte beantwortet werden. Ein weiters Topthema war auch der Erfahrungsbericht unseres Vorstandsmitglieds Norbert Schmidt \u00fcber Auslegung und Betriebserfahrungen seiner W\u00e4rmepumpenheizung in einem Bestandsgeb\u00e4ude mit Stromversorgung \u00fcber eine PV-Anlage. Die Besucher nahmen viele Informationen und Anregungen mit.<\/p>\n\n\n\n<p>Bilder dazu:    <a href=\"http:\/\/renergievs.de\/wp-content\/uploads\/2023\/05\/IMG_0328-scaled.jpg\" target=\"_blank\" rel=\"noreferrer noopener\">erstens<\/a>     <a href=\"http:\/\/renergievs.de\/wp-content\/uploads\/2023\/05\/IMG_0332-scaled.jpg\" target=\"_blank\" rel=\"noreferrer noopener\">zweitens<\/a><\/p>\n\n\n\n<hr class=\"wp-block-separator has-css-opacity\"\/>\n\n\n\n<p><a rel=\"noreferrer noopener\" href=\"http:\/\/renergievs.de\/wp-content\/uploads\/2023\/03\/Solarparty-2023.pdf\" target=\"_blank\"><strong>Einladung zur Solarp<\/strong><\/a><strong><a rel=\"noreferrer noopener\" href=\"http:\/\/renergievs.de\/wp-content\/uploads\/2023\/03\/Solarparty-2023.pdf\" target=\"_blank\">arty am 31.3.2023 !<\/a>     <\/strong><\/p>\n\n\n\n<hr class=\"wp-block-separator has-css-opacity is-style-wide\"\/>\n\n\n\n<p class=\"has-medium-font-size\"><a rel=\"noreferrer noopener\" href=\"http:\/\/renergievs.de\/wp-content\/uploads\/2023\/02\/MVo_03.03.2023_Einladung-1.pdf\" target=\"_blank\">Einladung zur Mitgliederversammlung am 3.3.2023<\/a>      <a href=\"http:\/\/renergievs.de\/wp-content\/uploads\/2023\/03\/Bericht-JHV-renergieVS-Peter-Tuente.pdf\">Bericht dazu: <\/a><\/p>\n\n\n\n<hr class=\"wp-block-separator has-css-opacity\"\/>\n\n\n\n<h1 class=\"wp-block-heading\">Neue Regeln f\u00fcr PV-Anlagen 2023<\/h1>\n\n\n\n<p><\/p>\n\n\n\n<p>(JR\/BN 28.01.2023) F\u00fcr die Lieferung und Montage einer neuen PV-Anlage haben sich die steuerlichen Belastungen verringert und der b\u00fcrokratische Aufwand verkleinert.<\/p>\n\n\n\n<p><strong>Umsatzsteuer: 0% Steuersatz<\/strong><\/p>\n\n\n\n<p>Die neuen Regeln gelten ab dem 1.1.2023 f\u00fcr PV-Anlagen inkl. Speicher auf oder in der N\u00e4he von Privatwohnungen, unabh\u00e4ngig von der kWp-Leistung.<\/p>\n\n\n\n<p>Die Umsatzsteuer wurde mit dem Jahressteuergesetz 2022 auf 0 % festgelegt. Damit muss f\u00fcr neue Anlagen und f\u00fcr Schlussrechnungen, die nach dem 1.1.2023 gestellt werden, keine Umsatzsteuer an den Lieferanten mehr bezahlt werden. Somit entf\u00e4llt der bisherige Aufwand, beim Finanzamt zu beantragen, die gezahlte Umsatzsteuer als Vorsteuer zur\u00fcck zu erhalten.<\/p>\n\n\n\n<p>F\u00fcr das Entgelt des gelieferten Stroms kann somit die Kleinunternehmerregelung in Anspruch genommen werden, in diesem Fall ist keine Umsatzsteuer auf den Strom zu bezahlen. Die Verg\u00fctung f\u00fcr den in das Netz eingespeisten Strom erh\u00e4lt der Betreiber damit netto.<\/p>\n\n\n\n<p><strong>Einkommensteuer: Steuerfreie Einnahmen<\/strong><\/p>\n\n\n\n<p>Mit dem Jahressteuergesetz 2022 wurden auch die Eink\u00fcnfte beim Betreiben von PV-Anlagen von der Einkommenssteuer befreit. Dies gilt f\u00fcr neue und bestehende PV-Anlagen bis zu einer Anlagenleistung von 30 kWp und r\u00fcckwirkend f\u00fcr das Jahr 2022.<\/p>\n\n\n\n<p>Damit m\u00fcssen die Verg\u00fctungen der Stadtwerke und der Gewinn aus eingespartem Strom nicht mehr ermittelt und als Einkommen bei der Einkommenssteuerkl\u00e4rung angegeben werden.<\/p>\n\n\n\n<p>Abschreibungen und Kosten k\u00f6nnen aber nicht mehr geltend gemacht werden.<\/p>\n\n\n\n<p>F\u00fcr Nutzung des erzeugten Stroms f\u00fcr Mieter oder f\u00fcr den eigenen Gewerbebetrieb sollte eine steuerfachliche Auskunft eingeholt werden.<\/p>\n\n\n\n<p>N\u00e4here Informationen: \u00a7 12 Abs. 3 Umsatzsteuergesetz UStG, \u00a7 19 UStG und \u00a7 3 Nr. 72 Einkommensteuergesetz EStG<\/p>\n\n\n\n<hr class=\"wp-block-separator has-css-opacity is-style-wide\"\/>\n","protected":false},"excerpt":{"rendered":"<p>Bericht \u00fcber unsere neue PV-Anlage in M\u00f6nchweiler im Schwarzw\u00e4lder Boten (klick) Einladung zur Mitgliederversammlung am 24.02.2026 18Uhr im B\u00fcrgerzentrum in M\u00f6chweiler Besichtigung Belenus GmbH Bad D\u00fcrrheim am 23. Januar 2026: Um 13 Uhr Treffpunkt ist bei der Belenuns GmbH, Auf Stocken 7, 78073 Bad D\u00fcrrheim (Gewerbegebiet Bad D\u00fcrrheim) Details hier ! Besichtigung Biogasanlage Deisslingen am &hellip; <\/p>\n<p class=\"link-more\"><a href=\"http:\/\/renergievs.de\/\" class=\"more-link\"><span class=\"screen-reader-text\">\u201eAktuelle Infos\u201c <\/span>weiterlesen<\/a><\/p>\n","protected":false},"author":1,"featured_media":0,"parent":0,"menu_order":0,"comment_status":"closed","ping_status":"closed","template":"","meta":{"footnotes":""},"class_list":["post-801","page","type-page","status-publish","hentry"],"_links":{"self":[{"href":"http:\/\/renergievs.de\/index.php?rest_route=\/wp\/v2\/pages\/801","targetHints":{"allow":["GET"]}}],"collection":[{"href":"http:\/\/renergievs.de\/index.php?rest_route=\/wp\/v2\/pages"}],"about":[{"href":"http:\/\/renergievs.de\/index.php?rest_route=\/wp\/v2\/types\/page"}],"author":[{"embeddable":true,"href":"http:\/\/renergievs.de\/index.php?rest_route=\/wp\/v2\/users\/1"}],"replies":[{"embeddable":true,"href":"http:\/\/renergievs.de\/index.php?rest_route=%2Fwp%2Fv2%2Fcomments&post=801"}],"version-history":[{"count":46,"href":"http:\/\/renergievs.de\/index.php?rest_route=\/wp\/v2\/pages\/801\/revisions"}],"predecessor-version":[{"id":918,"href":"http:\/\/renergievs.de\/index.php?rest_route=\/wp\/v2\/pages\/801\/revisions\/918"}],"wp:attachment":[{"href":"http:\/\/renergievs.de\/index.php?rest_route=%2Fwp%2Fv2%2Fmedia&parent=801"}],"curies":[{"name":"wp","href":"https:\/\/api.w.org\/{rel}","templated":true}]}}