{"id":54,"date":"2017-05-06T10:54:28","date_gmt":"2017-05-06T08:54:28","guid":{"rendered":"http:\/\/renergievs.de\/?page_id=54"},"modified":"2024-04-17T09:42:10","modified_gmt":"2024-04-17T07:42:10","slug":"termine","status":"publish","type":"page","link":"http:\/\/renergievs.de\/?page_id=54","title":{"rendered":"Termine"},"content":{"rendered":"<ul>\n<li>Solarparty 2024: Mittwoch, 24.04.2024 um 18:00 Uhr, Sebastian-Kneipp-Stra\u00dfe 60, 78048 Villingen-Schwenningen, Erdgeschoss, Raum &#8222;Neckar&#8220;<\/li>\n<li><a href=\"http:\/\/renergievs.de\/wp-content\/uploads\/2023\/03\/Solarparty-2023.pdf\">Einladung Solarparty am 31.3.2023<\/a><\/li>\n<li><a href=\"http:\/\/renergievs.de\/wp-content\/uploads\/2023\/02\/MVo_03.03.2023_Einladung-1.pdf\">Einladung zur Mitgliederversammlung am 3.3.2023<\/a><\/li>\n<li><a href=\"http:\/\/renergievs.de\/wp-content\/uploads\/2022\/12\/Satzung-20.10.2022.pdf\">Unsere neue Vereins-Satzung vom 20.1.2022<\/a><\/li>\n<li><a href=\"http:\/\/renergievs.de\/wp-content\/uploads\/2022\/10\/Ausserordentl_MGL_Versammlung2022.png\"><strong>Ausserordentliche Mitgliederversammlung 20.10.2022<\/strong> <\/a><\/li>\n<li><a href=\"http:\/\/renergievs.de\/wp-content\/uploads\/2022\/10\/pfaffenweiler2022.png\">Besichtigungstermin:\u00a0 14.10.2022\u00a0\u00a0 Freifl\u00e4chen-PV-Anlage Pfaffenweiler<\/a><\/li>\n<li><a href=\"http:\/\/renergievs.de\/wp-content\/uploads\/2022\/08\/Einladung_Energiewendetage_2022.pdf\" target=\"_blank\" rel=\"noopener\">Einladung zum Energiewendetag am 24.9.2022 in VS<\/a><\/li>\n<li><a href=\"http:\/\/renergievs.de\/?page_id=57\"><span style=\"color: #ff0000;\">Die Mitgliederversammlung\u00a0 am 7.4.2022 ergab ein neues Vorstandsteam.\u00a0<\/span><\/a><\/li>\n<li><span style=\"color: #ff0000;\"><a style=\"color: #ff0000;\" href=\"http:\/\/renergievs.de\/wp-content\/uploads\/2022\/04\/Mitgliederversammlung-07.04.2022.pdf\">Bericht zur Mitgliederversammlung am 7.4.2022<\/a><\/span><\/li>\n<li><a href=\"http:\/\/renergievs.de\/wp-content\/uploads\/2022\/03\/MGV2022.jpg\"><span style=\"color: #ff0000;\">Einladung zur\u00a0 renergieVS Mitgliederversammlung<\/span><\/a> am Donnerstag 7. April 2022 19 Uhr<br \/>im Umweltzentrum Schwarzwald Baar Neckar\u00a0 Neckarstra\u00dfe 120, <br \/>78056 VS-Schwenningen\u00a0\u00a0\u00a0 Beginn 19 Uhr<\/li>\n<li>November 2021\u00a0 Gef\u00f6rderter Stromspeicher bei Fam. Niebel in VS-Villingen, Kurzbesuch von Ulrich Zwick <a href=\"http:\/\/renergievs.de\/?page_id=57\">siehe Bilder<\/a><\/li>\n<li>Freitag 24.09.2021\u00a0 Besichtigung Fa. Gebr\u00fcder Schwarz GmbH\u00a0 in Rottweil-Neukirch<br \/><a href=\"http:\/\/renergievs.de\/?page_id=57\">siehe Bilder<\/a><\/li>\n<li>Donnerstag 02.09.2021 Gef\u00f6rderte PV-Anlage mit Speicher bei W. Rapp in Schramberg \/ Tischneck<br \/><a href=\"http:\/\/renergievs.de\/?page_id=57\">siehe Bilder<\/a><\/li>\n<li>Dienstag 29.06.2021\u00a0 Gef\u00f6rderte PV-Anlage mit Speicher bei Fa. Schmidt in Villingen-Schwenningen<br \/><a href=\"http:\/\/renergievs.de\/?page_id=57\">siehe Bilder<\/a><\/li>\n<li>Donnerstag 4.3.2021 Kurzbesuch von Ulrich Zwick bei Fam. Klinger in Brigchtal. <br \/>(gef\u00f6rderter Solar-Stromspeicher)<br \/><a href=\"http:\/\/renergievs.de\/?page_id=57\">siehe Bilder<\/a><\/li>\n<li>\n<p id=\":bh\" class=\"hP\" tabindex=\"-1\" data-thread-perm-id=\"thread-f:1679878086621419025|msg-f:1679878086621419025\" data-legacy-thread-id=\"175020382b085611\">Freitag 16.10.2020 16Uhr\u00a0 Besichtigung PV Aasen<br \/><a href=\"http:\/\/renergievs.de\/?page_id=57\">siehe Bilder<\/a><\/p>\n<\/li>\n<li>\n<p id=\":bh\" class=\"hP\" tabindex=\"-1\" data-thread-perm-id=\"thread-f:1679878086621419025|msg-f:1679878086621419025\" data-legacy-thread-id=\"175020382b085611\">Dienstag\u00a0 09.06.2020<br \/>Besuch von Ulrich Zwick und J\u00fcrgen Ragg bei der gef\u00f6rderten Anlage von Fam. F\u00fctterer in VS-Rietheim: Stromspeicher 7kWh und PV Anlage 8,4kWp ,(PV: SolarEdge, Speicher: LGChem\u00a0 Resu7H)<br \/>\u00a0 <a href=\"http:\/\/renergievs.de\/?page_id=57\">siehe Bild<\/a><\/p>\n<\/li>\n<li>Der Verein <b>renergie VS <\/b>informiert, dass die f\u00fcr den 24. April 2020 geplante Jahres-Mitgliederversammlung verschoben wird. Bereits organisiert waren die Besichtigung einer speziellen Fotovoltaik-Anlage mit Stromspeicher im Haus Hockenb\u00fchl und einer Wasserkraftanlage beides in Dei\u00dflingen, sowie Abschluss dort im Hotel Hirt. Ein neuer Termin wird rechtzeitig bekanntgegeben. Danke f\u00fcr Euer Verst\u00e4ndnis !<\/li>\n<li>Samstag 23. 11. 2019 15Uhr<br \/>Besichtigung Stromspeicher 10kWh und PV Anlage 8,4kWp, Fam.\u00a0 Zucker in Villingen<br \/>\u00a0 <a href=\"http:\/\/renergievs.de\/?page_id=57\">siehe Bilder<\/a><\/li>\n<li>Freitag 18.10.2019 16Uhr <br \/>Thema:\u00a0\u00a0 Heizen und K\u00fchlen mit einer Eisspeicherheizung<br \/>Bei der Fa.\u00a0 ebm-papst Werk 1 im Hagenmoos, \u00a0 Kronenacker 2\u00a0\u00a0 78112 St.Georgen\u00a0\u00a0<a href=\"http:\/\/renergievs.de\/?page_id=57\"> siehe Bilder<\/a><\/li>\n<li>Mitgliederversammlung am Fr. 7.6.2019 18Uhr an der Feintechnikschule Schwenningen. <a href=\"http:\/\/renergievs.de\/?page_id=57\">siehe Bilder<\/a><\/li>\n<li><a href=\"https:\/\/www.feintechnikschule.de\/entwicklungsstand-lernfabrik-industrie-40\" target=\"_blank\" rel=\"noopener noreferrer\">vorher um 16 Uhr Besichtigung und Vortrag \u00fcber die neue Industrie 4.0 Anlage an der FTS.<\/a><br \/><a href=\"http:\/\/renergievs.de\/?page_id=57\">siehe Bilder<\/a> , <a href=\"http:\/\/renergievs.de\/wp-content\/uploads\/2019\/06\/renergie-VS-besucht-Feintechnikschule_JR.pdf\">siehe Artikel<\/a><\/li>\n<li>E-Mobil-Stammtisch 27.4.2019 10:00Uhr, Cafe Biwakschachtel , Schwenningen<br \/><a href=\"http:\/\/renergievs.de\/?page_id=57\">siehe Bilder<\/a><\/li>\n<li>NQ vom 13.4.2019<a href=\"https:\/\/www.nq-online.de\/index.php?&amp;kat=50&amp;artikel=45690\"> Hohes Preisgeld f\u00fcr Kreisverkehr<\/a><\/li>\n<\/ul>\n\n\n<p><\/p>\n","protected":false},"excerpt":{"rendered":"<p>Solarparty 2024: Mittwoch, 24.04.2024 um 18:00 Uhr, Sebastian-Kneipp-Stra\u00dfe 60, 78048 Villingen-Schwenningen, Erdgeschoss, Raum &#8222;Neckar&#8220; Einladung Solarparty am 31.3.2023 Einladung zur Mitgliederversammlung am 3.3.2023 Unsere neue Vereins-Satzung vom 20.1.2022 Ausserordentliche Mitgliederversammlung 20.10.2022 Besichtigungstermin:\u00a0 14.10.2022\u00a0\u00a0 Freifl\u00e4chen-PV-Anlage Pfaffenweiler Einladung zum Energiewendetag am 24.9.2022 in VS Die Mitgliederversammlung\u00a0 am 7.4.2022 ergab ein neues Vorstandsteam.\u00a0 Bericht zur Mitgliederversammlung am 7.4.2022 &hellip; <\/p>\n<p class=\"link-more\"><a href=\"http:\/\/renergievs.de\/?page_id=54\" class=\"more-link\"><span class=\"screen-reader-text\">\u201eTermine\u201c <\/span>weiterlesen<\/a><\/p>\n","protected":false},"author":1,"featured_media":0,"parent":0,"menu_order":0,"comment_status":"closed","ping_status":"closed","template":"","meta":{"footnotes":""},"class_list":["post-54","page","type-page","status-publish","hentry"],"_links":{"self":[{"href":"http:\/\/renergievs.de\/index.php?rest_route=\/wp\/v2\/pages\/54","targetHints":{"allow":["GET"]}}],"collection":[{"href":"http:\/\/renergievs.de\/index.php?rest_route=\/wp\/v2\/pages"}],"about":[{"href":"http:\/\/renergievs.de\/index.php?rest_route=\/wp\/v2\/types\/page"}],"author":[{"embeddable":true,"href":"http:\/\/renergievs.de\/index.php?rest_route=\/wp\/v2\/users\/1"}],"replies":[{"embeddable":true,"href":"http:\/\/renergievs.de\/index.php?rest_route=%2Fwp%2Fv2%2Fcomments&post=54"}],"version-history":[{"count":100,"href":"http:\/\/renergievs.de\/index.php?rest_route=\/wp\/v2\/pages\/54\/revisions"}],"predecessor-version":[{"id":885,"href":"http:\/\/renergievs.de\/index.php?rest_route=\/wp\/v2\/pages\/54\/revisions\/885"}],"wp:attachment":[{"href":"http:\/\/renergievs.de\/index.php?rest_route=%2Fwp%2Fv2%2Fmedia&parent=54"}],"curies":[{"name":"wp","href":"https:\/\/api.w.org\/{rel}","templated":true}]}}